{"id":5208,"date":"2023-01-31T09:18:20","date_gmt":"2023-01-31T12:18:20","guid":{"rendered":"http:\/\/www.ucisecuatorianas.com\/fepimcti\/"},"modified":"2023-02-09T10:47:08","modified_gmt":"2023-02-09T13:47:08","slug":"fepimcti","status":"publish","type":"page","link":"https:\/\/www.ucisparaguayas.com\/en\/fepimcti\/","title":{"rendered":"FEPIMCTI"},"content":{"rendered":"\t\t<div data-elementor-type=\"wp-page\" data-elementor-id=\"5208\" class=\"elementor elementor-5208 elementor-5103\">\n\t\t\t\t\t\t\t\t\t<section class=\"elementor-section elementor-top-section elementor-element elementor-element-2e8b1fb elementor-section-boxed elementor-section-height-default elementor-section-height-default\" data-id=\"2e8b1fb\" data-element_type=\"section\">\n\t\t\t\t\t\t<div class=\"elementor-container elementor-column-gap-default\">\n\t\t\t\t\t<div class=\"elementor-column elementor-col-100 elementor-top-column elementor-element elementor-element-9c61011\" data-id=\"9c61011\" data-element_type=\"column\">\n\t\t\t<div class=\"elementor-widget-wrap elementor-element-populated\">\n\t\t\t\t\t\t\t\t<div class=\"elementor-element elementor-element-60755bf elementor-widget elementor-widget-spacer\" data-id=\"60755bf\" data-element_type=\"widget\" data-widget_type=\"spacer.default\">\n\t\t\t\t<div class=\"elementor-widget-container\">\n\t\t\t<style>\/*! elementor - v3.10.2 - 29-01-2023 *\/\n.elementor-column .elementor-spacer-inner{height:var(--spacer-size)}.e-con{--container-widget-width:100%}.e-con-inner>.elementor-widget-spacer,.e-con>.elementor-widget-spacer{width:var(--container-widget-width,var(--spacer-size));--align-self:var(--container-widget-align-self,initial);--flex-shrink:0}.e-con-inner>.elementor-widget-spacer>.elementor-widget-container,.e-con-inner>.elementor-widget-spacer>.elementor-widget-container>.elementor-spacer,.e-con>.elementor-widget-spacer>.elementor-widget-container,.e-con>.elementor-widget-spacer>.elementor-widget-container>.elementor-spacer{height:100%}.e-con-inner>.elementor-widget-spacer>.elementor-widget-container>.elementor-spacer>.elementor-spacer-inner,.e-con>.elementor-widget-spacer>.elementor-widget-container>.elementor-spacer>.elementor-spacer-inner{height:var(--container-widget-height,var(--spacer-size))}<\/style>\t\t<div class=\"elementor-spacer\">\n\t\t\t<div class=\"elementor-spacer-inner\"><\/div>\n\t\t<\/div>\n\t\t\t\t<\/div>\n\t\t\t\t<\/div>\n\t\t\t\t\t<\/div>\n\t\t<\/div>\n\t\t\t\t\t\t\t<\/div>\n\t\t<\/section>\n\t\t\t\t<section class=\"elementor-section elementor-top-section elementor-element elementor-element-83ef479 elementor-section-boxed elementor-section-height-default elementor-section-height-default\" data-id=\"83ef479\" data-element_type=\"section\" data-settings=\"{&quot;background_background&quot;:&quot;slideshow&quot;,&quot;background_slideshow_gallery&quot;:[{&quot;id&quot;:4302,&quot;url&quot;:&quot;http:\\\/\\\/www.ucismexicanas.com\\\/wp-content\\\/uploads\\\/2022\\\/09\\\/TOPO.png&quot;}],&quot;background_slideshow_loop&quot;:&quot;yes&quot;,&quot;background_slideshow_slide_duration&quot;:5000,&quot;background_slideshow_slide_transition&quot;:&quot;fade&quot;,&quot;background_slideshow_transition_duration&quot;:500}\">\n\t\t\t\t\t\t<div class=\"elementor-container elementor-column-gap-default\">\n\t\t\t\t\t<div class=\"elementor-column elementor-col-33 elementor-top-column elementor-element elementor-element-9db02b3\" data-id=\"9db02b3\" data-element_type=\"column\">\n\t\t\t<div class=\"elementor-widget-wrap elementor-element-populated\">\n\t\t\t\t\t\t\t\t<div class=\"elementor-element elementor-element-67ea12a elementor-widget elementor-widget-heading\" data-id=\"67ea12a\" data-element_type=\"widget\" data-widget_type=\"heading.default\">\n\t\t\t\t<div class=\"elementor-widget-container\">\n\t\t\t<style>\/*! elementor - v3.10.2 - 29-01-2023 *\/\n.elementor-heading-title{padding:0;margin:0;line-height:1}.elementor-widget-heading .elementor-heading-title[class*=elementor-size-]>a{color:inherit;font-size:inherit;line-height:inherit}.elementor-widget-heading .elementor-heading-title.elementor-size-small{font-size:15px}.elementor-widget-heading .elementor-heading-title.elementor-size-medium{font-size:19px}.elementor-widget-heading .elementor-heading-title.elementor-size-large{font-size:29px}.elementor-widget-heading .elementor-heading-title.elementor-size-xl{font-size:39px}.elementor-widget-heading .elementor-heading-title.elementor-size-xxl{font-size:59px}<\/style><h1 class=\"elementor-heading-title elementor-size-large\">Pan American and Iberian Federation of Critical Medicine and Intensive Care (FEPIMCTI)<\/h1>\t\t<\/div>\n\t\t\t\t<\/div>\n\t\t\t\t<div class=\"elementor-element elementor-element-44cd38a elementor-widget elementor-widget-text-editor\" data-id=\"44cd38a\" data-element_type=\"widget\" data-widget_type=\"text-editor.default\">\n\t\t\t\t<div class=\"elementor-widget-container\">\n\t\t\t<style>\/*! elementor - v3.10.2 - 29-01-2023 *\/\n.elementor-widget-text-editor.elementor-drop-cap-view-stacked .elementor-drop-cap{background-color:#818a91;color:#fff}.elementor-widget-text-editor.elementor-drop-cap-view-framed .elementor-drop-cap{color:#818a91;border:3px solid;background-color:transparent}.elementor-widget-text-editor:not(.elementor-drop-cap-view-default) .elementor-drop-cap{margin-top:8px}.elementor-widget-text-editor:not(.elementor-drop-cap-view-default) .elementor-drop-cap-letter{width:1em;height:1em}.elementor-widget-text-editor .elementor-drop-cap{float:left;text-align:center;line-height:1;font-size:50px}.elementor-widget-text-editor .elementor-drop-cap-letter{display:inline-block}<\/style>\t\t\t\t<p>The Pan American and Iberian Federation of Critical Medicine and Intensive Care (FEPIMCTI) is an organization consisting of associations of critical medicine professionals located in different countries of the American continent and the Iberian Peninsula. The Federation was founded in 1979, in Mexico City, and seeks to broaden horizons and strengthen the presence of critical medicine in its area of influence.\u00a0<\/p><p>Currently, FEPIMCTI has 25 associations and 20 committees from 25 American and European countries, representing an international scope of great relevance.<\/p><p>To learn more, go to: <a href=\"https:\/\/fepimcti.org\/en\/home-english\/\" target=\"_blank\" rel=\"noopener\">https:\/\/fepimcti.org\/<\/a><\/p>\t\t\t\t\t\t<\/div>\n\t\t\t\t<\/div>\n\t\t\t\t\t<\/div>\n\t\t<\/div>\n\t\t\t\t<div class=\"elementor-column elementor-col-66 elementor-top-column elementor-element elementor-element-6e74ff5\" data-id=\"6e74ff5\" data-element_type=\"column\">\n\t\t\t<div class=\"elementor-widget-wrap elementor-element-populated\">\n\t\t\t\t\t\t\t\t<div class=\"elementor-element elementor-element-bd7fb10 elementor-widget elementor-widget-image\" data-id=\"bd7fb10\" data-element_type=\"widget\" data-widget_type=\"image.default\">\n\t\t\t\t<div class=\"elementor-widget-container\">\n\t\t\t<style>\/*! elementor - v3.10.2 - 29-01-2023 *\/\n.elementor-widget-image{text-align:center}.elementor-widget-image a{display:inline-block}.elementor-widget-image a img[src$=\".svg\"]{width:48px}.elementor-widget-image img{vertical-align:middle;display:inline-block}<\/style>\t\t\t\t\t\t\t\t\t\t\t\t<img decoding=\"async\" loading=\"lazy\" width=\"1024\" height=\"372\" src=\"https:\/\/www.ucisparaguayas.com\/wp-content\/uploads\/2023\/02\/logo-FEPIMCTI-1024x372.png\" class=\"attachment-large size-large wp-image-5565\" alt=\"\" srcset=\"https:\/\/www.ucisparaguayas.com\/wp-content\/uploads\/2023\/02\/logo-FEPIMCTI-1024x372.png 1024w, https:\/\/www.ucisparaguayas.com\/wp-content\/uploads\/2023\/02\/logo-FEPIMCTI-300x109.png 300w, https:\/\/www.ucisparaguayas.com\/wp-content\/uploads\/2023\/02\/logo-FEPIMCTI-768x279.png 768w, https:\/\/www.ucisparaguayas.com\/wp-content\/uploads\/2023\/02\/logo-FEPIMCTI-1170x426.png 1170w, https:\/\/www.ucisparaguayas.com\/wp-content\/uploads\/2023\/02\/logo-FEPIMCTI.png 1174w\" sizes=\"(max-width: 1024px) 100vw, 1024px\" \/>\t\t\t\t\t\t\t\t\t\t\t\t\t\t\t<\/div>\n\t\t\t\t<\/div>\n\t\t\t\t\t<\/div>\n\t\t<\/div>\n\t\t\t\t\t\t\t<\/div>\n\t\t<\/section>\n\t\t\t\t\t\t\t<\/div>\n\t\t","protected":false},"excerpt":{"rendered":"<p>Federaci\u00f3n Panamericana e Ib\u00e9rica de Medicina Cr\u00edtica y Terapia Intensiva (FEPIMCTI) La Federaci\u00f3n Panamericana e Ib\u00e9rica de Medicina Cr\u00edtica y Terapia Intensiva (FEPIMCTI) es una organizaci\u00f3n integrada [&hellip;]<\/p>\n","protected":false},"author":1,"featured_media":0,"parent":0,"menu_order":0,"comment_status":"closed","ping_status":"closed","template":"tpl\/front-page.php","meta":{"footnotes":""},"yoast_head":"<!-- This site is optimized with the Yoast SEO plugin v20.1 - https:\/\/yoast.com\/wordpress\/plugins\/seo\/ -->\r\n<title>FEPIMCTI - UCIs Paraguayas<\/title>\r\n<meta name=\"robots\" content=\"noindex, follow, max-snippet:-1, max-image-preview:large, max-video-preview:-1\" \/>\r\n<meta property=\"og:locale\" content=\"en_US\" \/>\r\n<meta property=\"og:type\" content=\"article\" \/>\r\n<meta property=\"og:title\" content=\"FEPIMCTI - UCIs Paraguayas\" \/>\r\n<meta property=\"og:description\" content=\"Federaci\u00f3n Panamericana e Ib\u00e9rica de Medicina Cr\u00edtica y Terapia Intensiva (FEPIMCTI) La Federaci\u00f3n Panamericana e Ib\u00e9rica de Medicina Cr\u00edtica y Terapia Intensiva (FEPIMCTI) es una organizaci\u00f3n integrada [&hellip;]\" \/>\r\n<meta property=\"og:url\" content=\"https:\/\/www.ucisparaguayas.com\/en\/fepimcti\/\" \/>\r\n<meta property=\"og:site_name\" content=\"UCIs Paraguayas\" \/>\r\n<meta property=\"article:modified_time\" content=\"2023-02-09T13:47:08+00:00\" \/>\r\n<meta property=\"og:image\" content=\"http:\/\/www.ucisecuatorianas.com\/wp-content\/uploads\/2023\/02\/logo-FEPIMCTI-1024x372.png\" \/>\r\n<meta name=\"twitter:card\" content=\"summary_large_image\" \/>\r\n<meta name=\"twitter:label1\" content=\"Est. reading time\" \/>\n\t<meta name=\"twitter:data1\" content=\"1 minute\" \/>\r\n<script type=\"application\/ld+json\" class=\"yoast-schema-graph\">{\"@context\":\"https:\/\/schema.org\",\"@graph\":[{\"@type\":\"WebPage\",\"@id\":\"https:\/\/www.ucisparaguayas.com\/en\/fepimcti\/\",\"url\":\"https:\/\/www.ucisparaguayas.com\/en\/fepimcti\/\",\"name\":\"FEPIMCTI - UCIs Paraguayas\",\"isPartOf\":{\"@id\":\"https:\/\/www.ucisparaguayas.com\/en\/#website\"},\"datePublished\":\"2023-01-31T12:18:20+00:00\",\"dateModified\":\"2023-02-09T13:47:08+00:00\",\"breadcrumb\":{\"@id\":\"https:\/\/www.ucisparaguayas.com\/en\/fepimcti\/#breadcrumb\"},\"inLanguage\":\"en-US\",\"potentialAction\":[{\"@type\":\"ReadAction\",\"target\":[\"https:\/\/www.ucisparaguayas.com\/en\/fepimcti\/\"]}]},{\"@type\":\"BreadcrumbList\",\"@id\":\"https:\/\/www.ucisparaguayas.com\/en\/fepimcti\/#breadcrumb\",\"itemListElement\":[{\"@type\":\"ListItem\",\"position\":1,\"name\":\"In\u00edcio\",\"item\":\"https:\/\/www.ucisparaguayas.com\/en\/\"},{\"@type\":\"ListItem\",\"position\":2,\"name\":\"FEPIMCTI\"}]},{\"@type\":\"WebSite\",\"@id\":\"https:\/\/www.ucisparaguayas.com\/en\/#website\",\"url\":\"https:\/\/www.ucisparaguayas.com\/en\/\",\"name\":\"UCIs Paraguayas\",\"description\":\"El proyecto denominado UCIs Paraguayas tiene como objetivo caracterizar el perfil epidemiol\u00f3gico de las UCI paraguayas\",\"potentialAction\":[{\"@type\":\"SearchAction\",\"target\":{\"@type\":\"EntryPoint\",\"urlTemplate\":\"https:\/\/www.ucisparaguayas.com\/en\/?s={search_term_string}\"},\"query-input\":\"required name=search_term_string\"}],\"inLanguage\":\"en-US\"}]}<\/script>\r\n<!-- \/ Yoast SEO plugin. -->","yoast_head_json":{"title":"FEPIMCTI - UCIs Paraguayas","robots":{"index":"noindex","follow":"follow","max-snippet":"max-snippet:-1","max-image-preview":"max-image-preview:large","max-video-preview":"max-video-preview:-1"},"og_locale":"en_US","og_type":"article","og_title":"FEPIMCTI - UCIs Paraguayas","og_description":"Federaci\u00f3n Panamericana e Ib\u00e9rica de Medicina Cr\u00edtica y Terapia Intensiva (FEPIMCTI) La Federaci\u00f3n Panamericana e Ib\u00e9rica de Medicina Cr\u00edtica y Terapia Intensiva (FEPIMCTI) es una organizaci\u00f3n integrada [&hellip;]","og_url":"https:\/\/www.ucisparaguayas.com\/en\/fepimcti\/","og_site_name":"UCIs Paraguayas","article_modified_time":"2023-02-09T13:47:08+00:00","og_image":[{"url":"http:\/\/www.ucisecuatorianas.com\/wp-content\/uploads\/2023\/02\/logo-FEPIMCTI-1024x372.png"}],"twitter_card":"summary_large_image","twitter_misc":{"Est. reading time":"1 minute"},"schema":{"@context":"https:\/\/schema.org","@graph":[{"@type":"WebPage","@id":"https:\/\/www.ucisparaguayas.com\/en\/fepimcti\/","url":"https:\/\/www.ucisparaguayas.com\/en\/fepimcti\/","name":"FEPIMCTI - UCIs Paraguayas","isPartOf":{"@id":"https:\/\/www.ucisparaguayas.com\/en\/#website"},"datePublished":"2023-01-31T12:18:20+00:00","dateModified":"2023-02-09T13:47:08+00:00","breadcrumb":{"@id":"https:\/\/www.ucisparaguayas.com\/en\/fepimcti\/#breadcrumb"},"inLanguage":"en-US","potentialAction":[{"@type":"ReadAction","target":["https:\/\/www.ucisparaguayas.com\/en\/fepimcti\/"]}]},{"@type":"BreadcrumbList","@id":"https:\/\/www.ucisparaguayas.com\/en\/fepimcti\/#breadcrumb","itemListElement":[{"@type":"ListItem","position":1,"name":"In\u00edcio","item":"https:\/\/www.ucisparaguayas.com\/en\/"},{"@type":"ListItem","position":2,"name":"FEPIMCTI"}]},{"@type":"WebSite","@id":"https:\/\/www.ucisparaguayas.com\/en\/#website","url":"https:\/\/www.ucisparaguayas.com\/en\/","name":"UCIs Paraguayas","description":"El proyecto denominado UCIs Paraguayas tiene como objetivo caracterizar el perfil epidemiol\u00f3gico de las UCI paraguayas","potentialAction":[{"@type":"SearchAction","target":{"@type":"EntryPoint","urlTemplate":"https:\/\/www.ucisparaguayas.com\/en\/?s={search_term_string}"},"query-input":"required name=search_term_string"}],"inLanguage":"en-US"}]}},"_links":{"self":[{"href":"https:\/\/www.ucisparaguayas.com\/en\/wp-json\/wp\/v2\/pages\/5208"}],"collection":[{"href":"https:\/\/www.ucisparaguayas.com\/en\/wp-json\/wp\/v2\/pages"}],"about":[{"href":"https:\/\/www.ucisparaguayas.com\/en\/wp-json\/wp\/v2\/types\/page"}],"author":[{"embeddable":true,"href":"https:\/\/www.ucisparaguayas.com\/en\/wp-json\/wp\/v2\/users\/1"}],"replies":[{"embeddable":true,"href":"https:\/\/www.ucisparaguayas.com\/en\/wp-json\/wp\/v2\/comments?post=5208"}],"version-history":[{"count":14,"href":"https:\/\/www.ucisparaguayas.com\/en\/wp-json\/wp\/v2\/pages\/5208\/revisions"}],"predecessor-version":[{"id":5893,"href":"https:\/\/www.ucisparaguayas.com\/en\/wp-json\/wp\/v2\/pages\/5208\/revisions\/5893"}],"wp:attachment":[{"href":"https:\/\/www.ucisparaguayas.com\/en\/wp-json\/wp\/v2\/media?parent=5208"}],"curies":[{"name":"wp","href":"https:\/\/api.w.org\/{rel}","templated":true}]}}