{"id":5380,"date":"2022-01-05T06:50:49","date_gmt":"2022-01-05T09:50:49","guid":{"rendered":"http:\/\/www.ucisecuatorianas.com\/?page_id=5380"},"modified":"2023-09-14T11:36:05","modified_gmt":"2023-09-14T14:36:05","slug":"o-projeto","status":"publish","type":"page","link":"https:\/\/www.ucisparaguayas.com\/pt-br\/o-projeto\/","title":{"rendered":"O Projeto"},"content":{"rendered":"\t\t<div data-elementor-type=\"wp-page\" data-elementor-id=\"5380\" class=\"elementor elementor-5380 elementor-2107\">\n\t\t\t\t\t\t\t\t\t<section class=\"elementor-section elementor-top-section elementor-element elementor-element-bf57bb6 elementor-section-boxed elementor-section-height-default elementor-section-height-default\" data-id=\"bf57bb6\" data-element_type=\"section\">\n\t\t\t\t\t\t<div class=\"elementor-container elementor-column-gap-default\">\n\t\t\t\t\t<div class=\"elementor-column elementor-col-100 elementor-top-column elementor-element elementor-element-3710719\" data-id=\"3710719\" data-element_type=\"column\">\n\t\t\t<div class=\"elementor-widget-wrap elementor-element-populated\">\n\t\t\t\t\t\t\t\t<div class=\"elementor-element elementor-element-b5e4544 elementor-widget elementor-widget-spacer\" data-id=\"b5e4544\" data-element_type=\"widget\" data-widget_type=\"spacer.default\">\n\t\t\t\t<div class=\"elementor-widget-container\">\n\t\t\t<style>\/*! elementor - v3.10.2 - 29-01-2023 *\/\n.elementor-column .elementor-spacer-inner{height:var(--spacer-size)}.e-con{--container-widget-width:100%}.e-con-inner>.elementor-widget-spacer,.e-con>.elementor-widget-spacer{width:var(--container-widget-width,var(--spacer-size));--align-self:var(--container-widget-align-self,initial);--flex-shrink:0}.e-con-inner>.elementor-widget-spacer>.elementor-widget-container,.e-con-inner>.elementor-widget-spacer>.elementor-widget-container>.elementor-spacer,.e-con>.elementor-widget-spacer>.elementor-widget-container,.e-con>.elementor-widget-spacer>.elementor-widget-container>.elementor-spacer{height:100%}.e-con-inner>.elementor-widget-spacer>.elementor-widget-container>.elementor-spacer>.elementor-spacer-inner,.e-con>.elementor-widget-spacer>.elementor-widget-container>.elementor-spacer>.elementor-spacer-inner{height:var(--container-widget-height,var(--spacer-size))}<\/style>\t\t<div class=\"elementor-spacer\">\n\t\t\t<div class=\"elementor-spacer-inner\"><\/div>\n\t\t<\/div>\n\t\t\t\t<\/div>\n\t\t\t\t<\/div>\n\t\t\t\t\t<\/div>\n\t\t<\/div>\n\t\t\t\t\t\t\t<\/div>\n\t\t<\/section>\n\t\t\t\t<section class=\"elementor-section elementor-top-section elementor-element elementor-element-7134793 elementor-section-boxed elementor-section-height-default elementor-section-height-default\" data-id=\"7134793\" data-element_type=\"section\">\n\t\t\t\t\t\t<div class=\"elementor-container elementor-column-gap-default\">\n\t\t\t\t\t<div class=\"elementor-column elementor-col-50 elementor-top-column elementor-element elementor-element-3f79b6c\" data-id=\"3f79b6c\" data-element_type=\"column\">\n\t\t\t<div class=\"elementor-widget-wrap elementor-element-populated\">\n\t\t\t\t\t\t\t\t<div class=\"elementor-element elementor-element-2090b5c elementor-invisible elementor-widget elementor-widget-image\" data-id=\"2090b5c\" data-element_type=\"widget\" data-settings=\"{&quot;_animation&quot;:&quot;fadeIn&quot;}\" data-widget_type=\"image.default\">\n\t\t\t\t<div class=\"elementor-widget-container\">\n\t\t\t<style>\/*! elementor - v3.10.2 - 29-01-2023 *\/\n.elementor-widget-image{text-align:center}.elementor-widget-image a{display:inline-block}.elementor-widget-image a img[src$=\".svg\"]{width:48px}.elementor-widget-image img{vertical-align:middle;display:inline-block}<\/style>\t\t\t\t\t\t\t\t\t\t\t\t<img decoding=\"async\" loading=\"lazy\" width=\"264\" height=\"69\" src=\"https:\/\/www.ucisparaguayas.com\/wp-content\/uploads\/2023\/02\/logo-uci-paraguayas.png\" class=\"attachment-large size-large wp-image-5627\" alt=\"\" \/>\t\t\t\t\t\t\t\t\t\t\t\t\t\t\t<\/div>\n\t\t\t\t<\/div>\n\t\t\t\t\t<\/div>\n\t\t<\/div>\n\t\t\t\t<div class=\"elementor-column elementor-col-50 elementor-top-column elementor-element elementor-element-ce47222\" data-id=\"ce47222\" data-element_type=\"column\">\n\t\t\t<div class=\"elementor-widget-wrap elementor-element-populated\">\n\t\t\t\t\t\t\t\t<div class=\"elementor-element elementor-element-f8e5d14 elementor-widget elementor-widget-text-editor\" data-id=\"f8e5d14\" data-element_type=\"widget\" data-widget_type=\"text-editor.default\">\n\t\t\t\t<div class=\"elementor-widget-container\">\n\t\t\t<style>\/*! elementor - v3.10.2 - 29-01-2023 *\/\n.elementor-widget-text-editor.elementor-drop-cap-view-stacked .elementor-drop-cap{background-color:#818a91;color:#fff}.elementor-widget-text-editor.elementor-drop-cap-view-framed .elementor-drop-cap{color:#818a91;border:3px solid;background-color:transparent}.elementor-widget-text-editor:not(.elementor-drop-cap-view-default) .elementor-drop-cap{margin-top:8px}.elementor-widget-text-editor:not(.elementor-drop-cap-view-default) .elementor-drop-cap-letter{width:1em;height:1em}.elementor-widget-text-editor .elementor-drop-cap{float:left;text-align:center;line-height:1;font-size:50px}.elementor-widget-text-editor .elementor-drop-cap-letter{display:inline-block}<\/style>\t\t\t\t<div class=\"elementor-element elementor-element-6507536 elementor-widget elementor-widget-text-editor\" data-id=\"6507536\" data-element_type=\"widget\" data-widget_type=\"text-editor.default\"><div class=\"elementor-widget-container\"><p>O projeto UCIs Paraguayas visa caracterizar o perfil epidemiol\u00f3gico das UTIs paraguaias e compartilhar informa\u00e7\u00f5es que possam ser \u00fateis para orientar pol\u00edticas de sa\u00fade e estrat\u00e9gias para melhorar o cuidado dos pacientes cr\u00edticos no pa\u00eds.<\/p><p>Al\u00e9m disso, o projeto pretende estimular o uso de indicadores de qualidade e desempenho na gest\u00e3o das UTIs adulto e pedi\u00e1tricas e, com isso, melhorar a qualidade da medicina intensiva e aumentar a seguran\u00e7a dos pacientes no Paraguai.<\/p><p>Iniciativas semelhantes na Am\u00e9rica Latina e na Pen\u00ednsula Ib\u00e9rica, como parte do projeto UCIs Ibero-americanas, e em pa\u00edses como\u00a0Reino Unido (ICNARC), Austr\u00e1lia e Nova Zel\u00e2ndia (ANZICS-CORE), Holanda (NICE) e B\u00e9lgica (MICA) s\u00e3o essenciais para melhorar a qualidade e a seguran\u00e7a dos pacientes cr\u00edticos e s\u00e3o uma base importante para projetos que visam melhorar a efici\u00eancia da UTI e promover a pesquisa cl\u00ednica.<\/p><\/div><\/div>\t\t\t\t\t\t<\/div>\n\t\t\t\t<\/div>\n\t\t\t\t\t<\/div>\n\t\t<\/div>\n\t\t\t\t\t\t\t<\/div>\n\t\t<\/section>\n\t\t\t\t<section class=\"elementor-section elementor-top-section elementor-element elementor-element-b37b673 elementor-section-boxed elementor-section-height-default elementor-section-height-default\" data-id=\"b37b673\" data-element_type=\"section\">\n\t\t\t\t\t\t<div class=\"elementor-container elementor-column-gap-default\">\n\t\t\t\t\t<div class=\"elementor-column elementor-col-100 elementor-top-column elementor-element elementor-element-3340d53\" data-id=\"3340d53\" data-element_type=\"column\">\n\t\t\t<div class=\"elementor-widget-wrap elementor-element-populated\">\n\t\t\t\t\t\t\t\t<div class=\"elementor-element elementor-element-e0a0151 elementor-widget elementor-widget-spacer\" data-id=\"e0a0151\" data-element_type=\"widget\" data-widget_type=\"spacer.default\">\n\t\t\t\t<div class=\"elementor-widget-container\">\n\t\t\t\t\t<div class=\"elementor-spacer\">\n\t\t\t<div class=\"elementor-spacer-inner\"><\/div>\n\t\t<\/div>\n\t\t\t\t<\/div>\n\t\t\t\t<\/div>\n\t\t\t\t\t<\/div>\n\t\t<\/div>\n\t\t\t\t\t\t\t<\/div>\n\t\t<\/section>\n\t\t\t\t<section class=\"elementor-section elementor-top-section elementor-element elementor-element-5ccff6a elementor-section-boxed elementor-section-height-default elementor-section-height-default\" data-id=\"5ccff6a\" data-element_type=\"section\">\n\t\t\t\t\t\t<div class=\"elementor-container elementor-column-gap-default\">\n\t\t\t\t\t<div class=\"elementor-column elementor-col-100 elementor-top-column elementor-element elementor-element-f10cdd3\" data-id=\"f10cdd3\" data-element_type=\"column\">\n\t\t\t<div class=\"elementor-widget-wrap elementor-element-populated\">\n\t\t\t\t\t\t\t\t<div class=\"elementor-element elementor-element-f69198f elementor-widget elementor-widget-tf-title-section\" data-id=\"f69198f\" data-element_type=\"widget\" data-widget_type=\"tf-title-section.default\">\n\t\t\t\t<div class=\"elementor-widget-container\">\n\t\t\t<div id=\"tf-title-section-f69198f\" class=\"tf-title-section\" data-tabid=\"f69198f\"> \r\n\t\t\t\t\r\n\t\t\t<div class=\"title-section\">\r\n\t\t\t\t<div class=\"before-heading\"> | Certificados |<\/div>\r\n\t\t\t\t\r\n\t\t\t\t\r\n\t\t\t<\/div>                \r\n            <\/div>\t\t<\/div>\n\t\t\t\t<\/div>\n\t\t\t\t\t<\/div>\n\t\t<\/div>\n\t\t\t\t\t\t\t<\/div>\n\t\t<\/section>\n\t\t\t\t<section class=\"elementor-section elementor-top-section elementor-element elementor-element-dccf49d elementor-section-boxed elementor-section-height-default elementor-section-height-default\" data-id=\"dccf49d\" data-element_type=\"section\">\n\t\t\t\t\t\t<div class=\"elementor-container elementor-column-gap-default\">\n\t\t\t\t\t<div class=\"elementor-column elementor-col-100 elementor-top-column elementor-element elementor-element-5032972\" data-id=\"5032972\" data-element_type=\"column\">\n\t\t\t<div class=\"elementor-widget-wrap elementor-element-populated\">\n\t\t\t\t\t\t\t\t<div class=\"elementor-element elementor-element-65526bb elementor-widget elementor-widget-spacer\" data-id=\"65526bb\" data-element_type=\"widget\" data-widget_type=\"spacer.default\">\n\t\t\t\t<div class=\"elementor-widget-container\">\n\t\t\t\t\t<div class=\"elementor-spacer\">\n\t\t\t<div class=\"elementor-spacer-inner\"><\/div>\n\t\t<\/div>\n\t\t\t\t<\/div>\n\t\t\t\t<\/div>\n\t\t\t\t\t<\/div>\n\t\t<\/div>\n\t\t\t\t\t\t\t<\/div>\n\t\t<\/section>\n\t\t\t\t<section class=\"elementor-section elementor-top-section elementor-element elementor-element-788ef7d elementor-section-boxed elementor-section-height-default elementor-section-height-default\" data-id=\"788ef7d\" data-element_type=\"section\">\n\t\t\t\t\t\t<div class=\"elementor-container elementor-column-gap-default\">\n\t\t\t\t\t<div class=\"elementor-column elementor-col-100 elementor-top-column elementor-element elementor-element-bf2efb9\" data-id=\"bf2efb9\" data-element_type=\"column\">\n\t\t\t<div class=\"elementor-widget-wrap elementor-element-populated\">\n\t\t\t\t\t\t\t\t<div class=\"elementor-element elementor-element-cdc62fc elementor-widget elementor-widget-heading\" data-id=\"cdc62fc\" data-element_type=\"widget\" data-widget_type=\"heading.default\">\n\t\t\t\t<div class=\"elementor-widget-container\">\n\t\t\t<style>\/*! elementor - v3.10.2 - 29-01-2023 *\/\n.elementor-heading-title{padding:0;margin:0;line-height:1}.elementor-widget-heading .elementor-heading-title[class*=elementor-size-]>a{color:inherit;font-size:inherit;line-height:inherit}.elementor-widget-heading .elementor-heading-title.elementor-size-small{font-size:15px}.elementor-widget-heading .elementor-heading-title.elementor-size-medium{font-size:19px}.elementor-widget-heading .elementor-heading-title.elementor-size-large{font-size:29px}.elementor-widget-heading .elementor-heading-title.elementor-size-xl{font-size:39px}.elementor-widget-heading .elementor-heading-title.elementor-size-xxl{font-size:59px}<\/style><h2 class=\"elementor-heading-title elementor-size-default\">Selo de Participa\u00e7\u00e3o no Registro Nacional de Terapia Intensiva\n<\/h2>\t\t<\/div>\n\t\t\t\t<\/div>\n\t\t\t\t<div class=\"elementor-element elementor-element-1d21be9 elementor-widget elementor-widget-text-editor\" data-id=\"1d21be9\" data-element_type=\"widget\" data-widget_type=\"text-editor.default\">\n\t\t\t\t<div class=\"elementor-widget-container\">\n\t\t\t\t\t\t\t<p>\u00c9 conferido \u00e0s UTIs adulto e\/ou pedi\u00e1trica que contribu\u00edrem com dados para o Registro Nacional de Terapia Intensiva de forma cont\u00ednua e adequada.<\/p>\t\t\t\t\t\t<\/div>\n\t\t\t\t<\/div>\n\t\t\t\t\t<\/div>\n\t\t<\/div>\n\t\t\t\t\t\t\t<\/div>\n\t\t<\/section>\n\t\t\t\t<section class=\"elementor-section elementor-top-section elementor-element elementor-element-fdfb5fe elementor-section-boxed elementor-section-height-default elementor-section-height-default\" data-id=\"fdfb5fe\" data-element_type=\"section\">\n\t\t\t\t\t\t<div class=\"elementor-container elementor-column-gap-default\">\n\t\t\t\t\t<div class=\"elementor-column elementor-col-100 elementor-top-column elementor-element elementor-element-0785e5c\" data-id=\"0785e5c\" data-element_type=\"column\">\n\t\t\t<div class=\"elementor-widget-wrap elementor-element-populated\">\n\t\t\t\t\t\t\t\t<div class=\"elementor-element elementor-element-05f8ce0 elementor-widget elementor-widget-spacer\" data-id=\"05f8ce0\" data-element_type=\"widget\" data-widget_type=\"spacer.default\">\n\t\t\t\t<div class=\"elementor-widget-container\">\n\t\t\t\t\t<div class=\"elementor-spacer\">\n\t\t\t<div class=\"elementor-spacer-inner\"><\/div>\n\t\t<\/div>\n\t\t\t\t<\/div>\n\t\t\t\t<\/div>\n\t\t\t\t\t<\/div>\n\t\t<\/div>\n\t\t\t\t\t\t\t<\/div>\n\t\t<\/section>\n\t\t\t\t<section class=\"elementor-section elementor-top-section elementor-element elementor-element-5ff6d7d elementor-section-boxed elementor-section-height-default elementor-section-height-default\" data-id=\"5ff6d7d\" data-element_type=\"section\">\n\t\t\t\t\t\t<div class=\"elementor-container elementor-column-gap-default\">\n\t\t\t\t\t<div class=\"elementor-column elementor-col-100 elementor-top-column elementor-element elementor-element-c43f8aa\" data-id=\"c43f8aa\" data-element_type=\"column\">\n\t\t\t<div class=\"elementor-widget-wrap elementor-element-populated\">\n\t\t\t\t\t\t\t\t<div class=\"elementor-element elementor-element-ef11976 elementor-widget elementor-widget-heading\" data-id=\"ef11976\" data-element_type=\"widget\" data-widget_type=\"heading.default\">\n\t\t\t\t<div class=\"elementor-widget-container\">\n\t\t\t<h2 class=\"elementor-heading-title elementor-size-default\">Selo de Gest\u00e3o de Indicadores de Qualidade e Desempenho<\/h2>\t\t<\/div>\n\t\t\t\t<\/div>\n\t\t\t\t<div class=\"elementor-element elementor-element-f7f0adf elementor-widget elementor-widget-text-editor\" data-id=\"f7f0adf\" data-element_type=\"widget\" data-widget_type=\"text-editor.default\">\n\t\t\t\t<div class=\"elementor-widget-container\">\n\t\t\t\t\t\t\t<p>\u00c9 conferido \u00e0s UTIs adulto e\/ou pedi\u00e1trica que gerenciam seus indicadores de qualidade e desempenho atrav\u00e9s do sistema Epimed Monitor UTI, contribuindo para a melhoria da qualidade da medicina intensiva e da seguran\u00e7a dos pacientes no Paraguai.<\/p>\t\t\t\t\t\t<\/div>\n\t\t\t\t<\/div>\n\t\t\t\t\t<\/div>\n\t\t<\/div>\n\t\t\t\t\t\t\t<\/div>\n\t\t<\/section>\n\t\t\t\t<section class=\"elementor-section elementor-top-section elementor-element elementor-element-d30db6b elementor-section-boxed elementor-section-height-default elementor-section-height-default\" data-id=\"d30db6b\" data-element_type=\"section\">\n\t\t\t\t\t\t<div class=\"elementor-container elementor-column-gap-default\">\n\t\t\t\t\t<div class=\"elementor-column elementor-col-100 elementor-top-column elementor-element elementor-element-330f8e4\" data-id=\"330f8e4\" data-element_type=\"column\">\n\t\t\t<div class=\"elementor-widget-wrap elementor-element-populated\">\n\t\t\t\t\t\t\t\t<div class=\"elementor-element elementor-element-c4df789 elementor-widget elementor-widget-spacer\" data-id=\"c4df789\" data-element_type=\"widget\" data-widget_type=\"spacer.default\">\n\t\t\t\t<div class=\"elementor-widget-container\">\n\t\t\t\t\t<div class=\"elementor-spacer\">\n\t\t\t<div class=\"elementor-spacer-inner\"><\/div>\n\t\t<\/div>\n\t\t\t\t<\/div>\n\t\t\t\t<\/div>\n\t\t\t\t\t<\/div>\n\t\t<\/div>\n\t\t\t\t\t\t\t<\/div>\n\t\t<\/section>\n\t\t\t\t<section class=\"elementor-section elementor-top-section elementor-element elementor-element-4b07401 elementor-section-boxed elementor-section-height-default elementor-section-height-default\" data-id=\"4b07401\" data-element_type=\"section\">\n\t\t\t\t\t\t<div class=\"elementor-container elementor-column-gap-default\">\n\t\t\t\t\t<div class=\"elementor-column elementor-col-100 elementor-top-column elementor-element elementor-element-904f2d7\" data-id=\"904f2d7\" data-element_type=\"column\">\n\t\t\t<div class=\"elementor-widget-wrap elementor-element-populated\">\n\t\t\t\t\t\t\t\t<div class=\"elementor-element elementor-element-7099567 elementor-widget elementor-widget-heading\" data-id=\"7099567\" data-element_type=\"widget\" data-widget_type=\"heading.default\">\n\t\t\t\t<div class=\"elementor-widget-container\">\n\t\t\t<h2 class=\"elementor-heading-title elementor-size-default\">Como mencionar o projeto em comunica\u00e7\u00f5es e publica\u00e7\u00f5es cient\u00edficas<\/h2>\t\t<\/div>\n\t\t\t\t<\/div>\n\t\t\t\t<div class=\"elementor-element elementor-element-1a03c7c elementor-widget elementor-widget-text-editor\" data-id=\"1a03c7c\" data-element_type=\"widget\" data-widget_type=\"text-editor.default\">\n\t\t\t\t<div class=\"elementor-widget-container\">\n\t\t\t\t\t\t\t<div class=\"elementor-element elementor-element-b61ca18 elementor-widget elementor-widget-text-editor\" data-id=\"b61ca18\" data-element_type=\"widget\" data-widget_type=\"text-editor.default\"><div class=\"elementor-widget-container\"><p>Para mencionar o projeto UCIs Paraguayas em comunica\u00e7\u00f5es e publica\u00e7\u00f5es cient\u00edficas, utilize o texto abaixo:<\/p><p>Nossas UTIs t\u00eam seus resultados t\u00e9cnicos monitorados pela Sociedade Paraguaia de Medicina Cr\u00edtica e Cuidados Intensivos (SPMCYCI) e pela Federa\u00e7\u00e3o Pan-Americana e Ib\u00e9rica de Medicina Cr\u00edtica e Terapia Intensiva (FEPIMCTI) no projeto \u201cUCIs Paraguayas\u201d (www.ucisparaguayas.com).<\/p><\/div><\/div>\t\t\t\t\t\t<\/div>\n\t\t\t\t<\/div>\n\t\t\t\t\t<\/div>\n\t\t<\/div>\n\t\t\t\t\t\t\t<\/div>\n\t\t<\/section>\n\t\t\t\t\t\t\t<\/div>\n\t\t","protected":false},"excerpt":{"rendered":"<p>O projeto UCIs Paraguayas visa caracterizar o perfil epidemiol\u00f3gico das UTIs paraguaias e compartilhar informa\u00e7\u00f5es que possam ser \u00fateis para orientar pol\u00edticas de sa\u00fade e estrat\u00e9gias para [&hellip;]<\/p>\n","protected":false},"author":1,"featured_media":0,"parent":0,"menu_order":0,"comment_status":"closed","ping_status":"closed","template":"elementor_header_footer","meta":{"footnotes":""},"yoast_head":"<!-- This site is optimized with the Yoast SEO plugin v20.1 - https:\/\/yoast.com\/wordpress\/plugins\/seo\/ -->\r\n<title>O Projeto - UCIs Paraguayas<\/title>\r\n<meta name=\"robots\" content=\"noindex, follow, max-snippet:-1, max-image-preview:large, max-video-preview:-1\" \/>\r\n<meta property=\"og:locale\" content=\"pt_BR\" \/>\r\n<meta property=\"og:type\" content=\"article\" \/>\r\n<meta property=\"og:title\" content=\"O Projeto - UCIs Paraguayas\" \/>\r\n<meta property=\"og:description\" content=\"O projeto UCIs Paraguayas visa caracterizar o perfil epidemiol\u00f3gico das UTIs paraguaias e compartilhar informa\u00e7\u00f5es que possam ser \u00fateis para orientar pol\u00edticas de sa\u00fade e estrat\u00e9gias para [&hellip;]\" \/>\r\n<meta property=\"og:url\" content=\"https:\/\/www.ucisparaguayas.com\/pt-br\/o-projeto\/\" \/>\r\n<meta property=\"og:site_name\" content=\"UCIs Paraguayas\" \/>\r\n<meta property=\"article:modified_time\" content=\"2023-09-14T14:36:05+00:00\" \/>\r\n<meta property=\"og:image\" content=\"https:\/\/www.ucisparaguayas.com\/wp-content\/uploads\/2023\/02\/logo-uci-paraguayas.png\" \/>\r\n<meta name=\"twitter:card\" content=\"summary_large_image\" \/>\r\n<meta name=\"twitter:label1\" content=\"Est. tempo de leitura\" \/>\n\t<meta name=\"twitter:data1\" content=\"3 minutos\" \/>\r\n<script type=\"application\/ld+json\" class=\"yoast-schema-graph\">{\"@context\":\"https:\/\/schema.org\",\"@graph\":[{\"@type\":\"WebPage\",\"@id\":\"https:\/\/www.ucisparaguayas.com\/pt-br\/o-projeto\/\",\"url\":\"https:\/\/www.ucisparaguayas.com\/pt-br\/o-projeto\/\",\"name\":\"O Projeto - UCIs Paraguayas\",\"isPartOf\":{\"@id\":\"https:\/\/www.ucisparaguayas.com\/pt-br\/#website\"},\"datePublished\":\"2022-01-05T09:50:49+00:00\",\"dateModified\":\"2023-09-14T14:36:05+00:00\",\"breadcrumb\":{\"@id\":\"https:\/\/www.ucisparaguayas.com\/pt-br\/o-projeto\/#breadcrumb\"},\"inLanguage\":\"pt-BR\",\"potentialAction\":[{\"@type\":\"ReadAction\",\"target\":[\"https:\/\/www.ucisparaguayas.com\/pt-br\/o-projeto\/\"]}]},{\"@type\":\"BreadcrumbList\",\"@id\":\"https:\/\/www.ucisparaguayas.com\/pt-br\/o-projeto\/#breadcrumb\",\"itemListElement\":[{\"@type\":\"ListItem\",\"position\":1,\"name\":\"In\u00edcio\",\"item\":\"https:\/\/www.ucisparaguayas.com\/pt-br\/\"},{\"@type\":\"ListItem\",\"position\":2,\"name\":\"O Projeto\"}]},{\"@type\":\"WebSite\",\"@id\":\"https:\/\/www.ucisparaguayas.com\/pt-br\/#website\",\"url\":\"https:\/\/www.ucisparaguayas.com\/pt-br\/\",\"name\":\"UCIs Paraguayas\",\"description\":\"Se\\u2028han unido para crear el Registro Nacional de Cuidados Intensivos de Paraguay\",\"potentialAction\":[{\"@type\":\"SearchAction\",\"target\":{\"@type\":\"EntryPoint\",\"urlTemplate\":\"https:\/\/www.ucisparaguayas.com\/pt-br\/?s={search_term_string}\"},\"query-input\":\"required name=search_term_string\"}],\"inLanguage\":\"pt-BR\"}]}<\/script>\r\n<!-- \/ Yoast SEO plugin. -->","yoast_head_json":{"title":"O Projeto - UCIs Paraguayas","robots":{"index":"noindex","follow":"follow","max-snippet":"max-snippet:-1","max-image-preview":"max-image-preview:large","max-video-preview":"max-video-preview:-1"},"og_locale":"pt_BR","og_type":"article","og_title":"O Projeto - UCIs Paraguayas","og_description":"O projeto UCIs Paraguayas visa caracterizar o perfil epidemiol\u00f3gico das UTIs paraguaias e compartilhar informa\u00e7\u00f5es que possam ser \u00fateis para orientar pol\u00edticas de sa\u00fade e estrat\u00e9gias para [&hellip;]","og_url":"https:\/\/www.ucisparaguayas.com\/pt-br\/o-projeto\/","og_site_name":"UCIs Paraguayas","article_modified_time":"2023-09-14T14:36:05+00:00","og_image":[{"url":"https:\/\/www.ucisparaguayas.com\/wp-content\/uploads\/2023\/02\/logo-uci-paraguayas.png"}],"twitter_card":"summary_large_image","twitter_misc":{"Est. tempo de leitura":"3 minutos"},"schema":{"@context":"https:\/\/schema.org","@graph":[{"@type":"WebPage","@id":"https:\/\/www.ucisparaguayas.com\/pt-br\/o-projeto\/","url":"https:\/\/www.ucisparaguayas.com\/pt-br\/o-projeto\/","name":"O Projeto - UCIs Paraguayas","isPartOf":{"@id":"https:\/\/www.ucisparaguayas.com\/pt-br\/#website"},"datePublished":"2022-01-05T09:50:49+00:00","dateModified":"2023-09-14T14:36:05+00:00","breadcrumb":{"@id":"https:\/\/www.ucisparaguayas.com\/pt-br\/o-projeto\/#breadcrumb"},"inLanguage":"pt-BR","potentialAction":[{"@type":"ReadAction","target":["https:\/\/www.ucisparaguayas.com\/pt-br\/o-projeto\/"]}]},{"@type":"BreadcrumbList","@id":"https:\/\/www.ucisparaguayas.com\/pt-br\/o-projeto\/#breadcrumb","itemListElement":[{"@type":"ListItem","position":1,"name":"In\u00edcio","item":"https:\/\/www.ucisparaguayas.com\/pt-br\/"},{"@type":"ListItem","position":2,"name":"O Projeto"}]},{"@type":"WebSite","@id":"https:\/\/www.ucisparaguayas.com\/pt-br\/#website","url":"https:\/\/www.ucisparaguayas.com\/pt-br\/","name":"UCIs Paraguayas","description":"Se\u2028han unido para crear el Registro Nacional de Cuidados Intensivos de Paraguay","potentialAction":[{"@type":"SearchAction","target":{"@type":"EntryPoint","urlTemplate":"https:\/\/www.ucisparaguayas.com\/pt-br\/?s={search_term_string}"},"query-input":"required name=search_term_string"}],"inLanguage":"pt-BR"}]}},"_links":{"self":[{"href":"https:\/\/www.ucisparaguayas.com\/pt-br\/wp-json\/wp\/v2\/pages\/5380"}],"collection":[{"href":"https:\/\/www.ucisparaguayas.com\/pt-br\/wp-json\/wp\/v2\/pages"}],"about":[{"href":"https:\/\/www.ucisparaguayas.com\/pt-br\/wp-json\/wp\/v2\/types\/page"}],"author":[{"embeddable":true,"href":"https:\/\/www.ucisparaguayas.com\/pt-br\/wp-json\/wp\/v2\/users\/1"}],"replies":[{"embeddable":true,"href":"https:\/\/www.ucisparaguayas.com\/pt-br\/wp-json\/wp\/v2\/comments?post=5380"}],"version-history":[{"count":74,"href":"https:\/\/www.ucisparaguayas.com\/pt-br\/wp-json\/wp\/v2\/pages\/5380\/revisions"}],"predecessor-version":[{"id":6153,"href":"https:\/\/www.ucisparaguayas.com\/pt-br\/wp-json\/wp\/v2\/pages\/5380\/revisions\/6153"}],"wp:attachment":[{"href":"https:\/\/www.ucisparaguayas.com\/pt-br\/wp-json\/wp\/v2\/media?parent=5380"}],"curies":[{"name":"wp","href":"https:\/\/api.w.org\/{rel}","templated":true}]}}